{"id":63,"date":"2024-06-17T16:05:30","date_gmt":"2024-06-17T16:05:30","guid":{"rendered":"https:\/\/thehonestpotato.com\/fr\/?page_id=63"},"modified":"2024-07-25T13:53:06","modified_gmt":"2024-07-25T18:53:06","slug":"nous-contacter","status":"publish","type":"page","link":"https:\/\/thehonestpotato.com\/fr\/nous-contacter\/","title":{"rendered":"Nous contacter"},"content":{"rendered":"\n<div class=\"wp-block-group mobile-no-padding is-layout-constrained wp-block-group-is-layout-constrained\" style=\"padding-top:var(--wp--preset--spacing--50);padding-bottom:var(--wp--preset--spacing--50)\">\n<h1 class=\"wp-block-heading has-source-serif-4-font-family has-xx-large-font-size\" style=\"font-style:normal;font-weight:900\">On grandit ensemble.<\/h1>\n<\/div>\n\n\n\n<details class=\"wp-block-details is-style-dt-blue has-roboto-slab-font-family has-medium-font-size is-layout-flow wp-block-details-is-layout-flow\"><summary>Demande d\u2019information<\/summary>\n<p>Pour toute question concernant nos produits ou leur disponibilit\u00e9, notre entreprise, les emplois, le d\u00e9veloppement ou tout autre sujet, veuillez communiquer avec Josh Bester de <strong>The Honest Potato Company<\/strong>, \u00e0 l\u2019adresse <strong><a href=\"mailto:josh@thehonestpotato.com\">josh@thehonestpotato.com<\/a><\/strong><\/p>\n<\/details>\n\n\n\n<details class=\"wp-block-details is-style-dt-green has-roboto-slab-font-family has-medium-font-size is-layout-flow wp-block-details-is-layout-flow\"><summary>Vente au d\u00e9tail<\/summary>\n<p>Si vous \u00eates un de nos clients ou que vous \u00eates int\u00e9ress\u00e9s \u00e0 devenir un de nos partenaires, veuillez communiquer avec Josh Bester chez <strong>Downey Farms<\/strong> (<a href=\"mailto:josh@downeyfarms.ca\">josh@downeyfarms.ca<\/a>) ou Nicole Comella chez <strong>Fancy Pak<\/strong> (<a href=\"mailto:nicole@fancypakbrand.com\">nicole@fancypakbrand.com<\/a>)<\/p>\n<\/details>\n\n\n\n<details class=\"wp-block-details is-style-dt-pink has-roboto-slab-font-family has-medium-font-size is-layout-flow wp-block-details-is-layout-flow\"><summary>Service alimentaire<\/summary>\n<p>Si vous \u00eates un de nos partenaires dans le secteur du service alimentaire ou que vous \u00eates int\u00e9ress\u00e9 par nos produits transform\u00e9s, veuillez communiquer avec Samantha Stiebel chez <strong>Cohn Farms<\/strong>, \u00e0 l\u2019adresse <strong><a href=\"mailto:s.stiebel@cohnfarms.com\">s.stiebel@cohnfarms.com<\/a><\/strong><\/p>\n<\/details>\n\n\n\n<details class=\"wp-block-details is-style-dt-orange has-roboto-slab-font-family has-medium-font-size is-layout-flow wp-block-details-is-layout-flow\"><summary>Producteurs<\/summary>\n<p>Si vous \u00eates un producteur agricole actuel ou futur, int\u00e9ress\u00e9 \u00e0 obtenir des renseignements sur nos pommes de terre de semence, veuillez communiquer avec Andr\u00e9 Gagnon de <strong>Sembec\/Progest<\/strong>, \u00e0 l\u2019adresse <strong><a href=\"mailto:a.gagnon@progest2001.com\">a.gagnon@progest2001.com<\/a><\/strong><\/p>\n<\/details>\n","protected":false},"excerpt":{"rendered":"<p>On grandit ensemble.<\/p>\n","protected":false},"author":1,"featured_media":0,"parent":0,"menu_order":0,"comment_status":"closed","ping_status":"closed","template":"page-no-title","meta":{"footnotes":""},"class_list":["post-63","page","type-page","status-publish","hentry"],"yoast_head":"<!-- This site is optimized with the Yoast SEO plugin v27.5 - https:\/\/yoast.com\/product\/yoast-seo-wordpress\/ -->\n<title>Nous contacter | The Honest Potato<\/title>\n<meta name=\"robots\" content=\"index, follow, max-snippet:-1, max-image-preview:large, max-video-preview:-1\" \/>\n<link rel=\"canonical\" href=\"https:\/\/thehonestpotato.com\/fr\/nous-contacter\/\" \/>\n<meta property=\"og:locale\" content=\"fr_CA\" \/>\n<meta property=\"og:type\" content=\"article\" \/>\n<meta property=\"og:title\" content=\"Nous contacter | The Honest Potato\" \/>\n<meta property=\"og:description\" content=\"On grandit ensemble.\" \/>\n<meta property=\"og:url\" content=\"https:\/\/thehonestpotato.com\/fr\/nous-contacter\/\" \/>\n<meta property=\"og:site_name\" content=\"The Honest Potato\" \/>\n<meta property=\"article:modified_time\" content=\"2024-07-25T18:53:06+00:00\" \/>\n<meta name=\"twitter:card\" content=\"summary_large_image\" \/>\n<meta name=\"twitter:label1\" content=\"Estimation du temps de lecture\" \/>\n\t<meta name=\"twitter:data1\" content=\"1 minute\" \/>\n<script type=\"application\/ld+json\" class=\"yoast-schema-graph\">{\"@context\":\"https:\\\/\\\/schema.org\",\"@graph\":[{\"@type\":\"WebPage\",\"@id\":\"https:\\\/\\\/thehonestpotato.com\\\/fr\\\/nous-contacter\\\/\",\"url\":\"https:\\\/\\\/thehonestpotato.com\\\/fr\\\/nous-contacter\\\/\",\"name\":\"Nous contacter | The Honest Potato\",\"isPartOf\":{\"@id\":\"https:\\\/\\\/thehonestpotato.com\\\/fr\\\/#website\"},\"datePublished\":\"2024-06-17T16:05:30+00:00\",\"dateModified\":\"2024-07-25T18:53:06+00:00\",\"breadcrumb\":{\"@id\":\"https:\\\/\\\/thehonestpotato.com\\\/fr\\\/nous-contacter\\\/#breadcrumb\"},\"inLanguage\":\"fr-CA\",\"potentialAction\":[{\"@type\":\"ReadAction\",\"target\":[\"https:\\\/\\\/thehonestpotato.com\\\/fr\\\/nous-contacter\\\/\"]}]},{\"@type\":\"BreadcrumbList\",\"@id\":\"https:\\\/\\\/thehonestpotato.com\\\/fr\\\/nous-contacter\\\/#breadcrumb\",\"itemListElement\":[{\"@type\":\"ListItem\",\"position\":1,\"name\":\"Home\",\"item\":\"https:\\\/\\\/thehonestpotato.com\\\/fr\\\/\"},{\"@type\":\"ListItem\",\"position\":2,\"name\":\"Nous contacter\"}]},{\"@type\":\"WebSite\",\"@id\":\"https:\\\/\\\/thehonestpotato.com\\\/fr\\\/#website\",\"url\":\"https:\\\/\\\/thehonestpotato.com\\\/fr\\\/\",\"name\":\"The Honest Potato\",\"description\":\"\",\"publisher\":{\"@id\":\"https:\\\/\\\/thehonestpotato.com\\\/fr\\\/#organization\"},\"alternateName\":\"Honest Potato\",\"potentialAction\":[{\"@type\":\"SearchAction\",\"target\":{\"@type\":\"EntryPoint\",\"urlTemplate\":\"https:\\\/\\\/thehonestpotato.com\\\/fr\\\/?s={search_term_string}\"},\"query-input\":{\"@type\":\"PropertyValueSpecification\",\"valueRequired\":true,\"valueName\":\"search_term_string\"}}],\"inLanguage\":\"fr-CA\"},{\"@type\":\"Organization\",\"@id\":\"https:\\\/\\\/thehonestpotato.com\\\/fr\\\/#organization\",\"name\":\"The Honest Potato Co.\",\"alternateName\":\"Honest Potato\",\"url\":\"https:\\\/\\\/thehonestpotato.com\\\/fr\\\/\",\"logo\":{\"@type\":\"ImageObject\",\"inLanguage\":\"fr-CA\",\"@id\":\"https:\\\/\\\/thehonestpotato.com\\\/fr\\\/#\\\/schema\\\/logo\\\/image\\\/\",\"url\":\"https:\\\/\\\/thehonestpotato.com\\\/fr\\\/wp-content\\\/uploads\\\/sites\\\/3\\\/2026\\\/04\\\/THP-French-wordmark-2026-.png\",\"contentUrl\":\"https:\\\/\\\/thehonestpotato.com\\\/fr\\\/wp-content\\\/uploads\\\/sites\\\/3\\\/2026\\\/04\\\/THP-French-wordmark-2026-.png\",\"width\":524,\"height\":340,\"caption\":\"The Honest Potato Co.\"},\"image\":{\"@id\":\"https:\\\/\\\/thehonestpotato.com\\\/fr\\\/#\\\/schema\\\/logo\\\/image\\\/\"}}]}<\/script>\n<!-- \/ Yoast SEO plugin. -->","yoast_head_json":{"title":"Nous contacter | The Honest Potato","robots":{"index":"index","follow":"follow","max-snippet":"max-snippet:-1","max-image-preview":"max-image-preview:large","max-video-preview":"max-video-preview:-1"},"canonical":"https:\/\/thehonestpotato.com\/fr\/nous-contacter\/","og_locale":"fr_CA","og_type":"article","og_title":"Nous contacter | The Honest Potato","og_description":"On grandit ensemble.","og_url":"https:\/\/thehonestpotato.com\/fr\/nous-contacter\/","og_site_name":"The Honest Potato","article_modified_time":"2024-07-25T18:53:06+00:00","twitter_card":"summary_large_image","twitter_misc":{"Estimation du temps de lecture":"1 minute"},"schema":{"@context":"https:\/\/schema.org","@graph":[{"@type":"WebPage","@id":"https:\/\/thehonestpotato.com\/fr\/nous-contacter\/","url":"https:\/\/thehonestpotato.com\/fr\/nous-contacter\/","name":"Nous contacter | The Honest Potato","isPartOf":{"@id":"https:\/\/thehonestpotato.com\/fr\/#website"},"datePublished":"2024-06-17T16:05:30+00:00","dateModified":"2024-07-25T18:53:06+00:00","breadcrumb":{"@id":"https:\/\/thehonestpotato.com\/fr\/nous-contacter\/#breadcrumb"},"inLanguage":"fr-CA","potentialAction":[{"@type":"ReadAction","target":["https:\/\/thehonestpotato.com\/fr\/nous-contacter\/"]}]},{"@type":"BreadcrumbList","@id":"https:\/\/thehonestpotato.com\/fr\/nous-contacter\/#breadcrumb","itemListElement":[{"@type":"ListItem","position":1,"name":"Home","item":"https:\/\/thehonestpotato.com\/fr\/"},{"@type":"ListItem","position":2,"name":"Nous contacter"}]},{"@type":"WebSite","@id":"https:\/\/thehonestpotato.com\/fr\/#website","url":"https:\/\/thehonestpotato.com\/fr\/","name":"The Honest Potato","description":"","publisher":{"@id":"https:\/\/thehonestpotato.com\/fr\/#organization"},"alternateName":"Honest Potato","potentialAction":[{"@type":"SearchAction","target":{"@type":"EntryPoint","urlTemplate":"https:\/\/thehonestpotato.com\/fr\/?s={search_term_string}"},"query-input":{"@type":"PropertyValueSpecification","valueRequired":true,"valueName":"search_term_string"}}],"inLanguage":"fr-CA"},{"@type":"Organization","@id":"https:\/\/thehonestpotato.com\/fr\/#organization","name":"The Honest Potato Co.","alternateName":"Honest Potato","url":"https:\/\/thehonestpotato.com\/fr\/","logo":{"@type":"ImageObject","inLanguage":"fr-CA","@id":"https:\/\/thehonestpotato.com\/fr\/#\/schema\/logo\/image\/","url":"https:\/\/thehonestpotato.com\/fr\/wp-content\/uploads\/sites\/3\/2026\/04\/THP-French-wordmark-2026-.png","contentUrl":"https:\/\/thehonestpotato.com\/fr\/wp-content\/uploads\/sites\/3\/2026\/04\/THP-French-wordmark-2026-.png","width":524,"height":340,"caption":"The Honest Potato Co."},"image":{"@id":"https:\/\/thehonestpotato.com\/fr\/#\/schema\/logo\/image\/"}}]}},"_links":{"self":[{"href":"https:\/\/thehonestpotato.com\/fr\/wp-json\/wp\/v2\/pages\/63","targetHints":{"allow":["GET"]}}],"collection":[{"href":"https:\/\/thehonestpotato.com\/fr\/wp-json\/wp\/v2\/pages"}],"about":[{"href":"https:\/\/thehonestpotato.com\/fr\/wp-json\/wp\/v2\/types\/page"}],"author":[{"embeddable":true,"href":"https:\/\/thehonestpotato.com\/fr\/wp-json\/wp\/v2\/users\/1"}],"replies":[{"embeddable":true,"href":"https:\/\/thehonestpotato.com\/fr\/wp-json\/wp\/v2\/comments?post=63"}],"version-history":[{"count":5,"href":"https:\/\/thehonestpotato.com\/fr\/wp-json\/wp\/v2\/pages\/63\/revisions"}],"predecessor-version":[{"id":1490,"href":"https:\/\/thehonestpotato.com\/fr\/wp-json\/wp\/v2\/pages\/63\/revisions\/1490"}],"wp:attachment":[{"href":"https:\/\/thehonestpotato.com\/fr\/wp-json\/wp\/v2\/media?parent=63"}],"curies":[{"name":"wp","href":"https:\/\/api.w.org\/{rel}","templated":true}]}}